{"id":491,"date":"2018-03-22T19:37:42","date_gmt":"2018-03-22T19:37:42","guid":{"rendered":"https:\/\/marocva.net\/?page_id=491"},"modified":"2025-11-10T19:45:39","modified_gmt":"2025-11-10T19:45:39","slug":"contact","status":"publish","type":"page","link":"https:\/\/www.plagesmir.com\/?page_id=491","title":{"rendered":"youssef"},"content":{"rendered":"\n<h3 class=\"wp-block-heading\"><a href=\"mailto:ammoyous@gmail.com\">ammoyous@gmail.com<\/a><\/h3>\n\n\n\n<h3 class=\"wp-block-heading\"><\/h3>\n\n\n\n<div class=\"infos-locales\">\n<h3>\u00c0 proximit\u00e9<\/h3>\n<ul>\n<li>Smir Plage \u2013 zone touristique en bord de mer, \u00e0 2 min des locations<\/li>\n<li>Smir Park \u2013 parc aquatique familial, \u00e0 5 min<\/li>\n<li>Centre-ville de Fnideq \u2013 commerces et services, \u00e0 10 min<\/li>\n<\/ul>\n<h3>\u00c0 d\u00e9couvrir aussi<\/h3>\n<ul>\n<li><a href=\"https:\/\/www.plagesmir.com\/location-villas-marina-smir-puerto\/\" target=\"_blank\" rel=\"noopener\">Villa \u00e0 Marina Puerto<\/a><\/li>\n<li><a href=\"https:\/\/www.plagesmir.com\/sania-plage\/\" target=\"_blank\" rel=\"noopener\">Appartement \u00e0 Sania Plage<\/a><\/li>\n<\/ul>\n<h3>Liens utiles<\/h3>\n<ul>\n<li><a href=\"https:\/\/www.google.com\/maps\/place\/Smir+Plage\" target=\"_blank\" rel=\"noopener\">Smir Plage sur Google Maps<\/a><\/li>\n<li><a href=\"https:\/\/www.ctm.ma\" target=\"_blank\" rel=\"noopener\">Horaires des bus CTM vers Fnideq et T\u00e9touan<\/a><\/li>\n<\/ul>\n<\/div>\n\n\n\n<script type=\"application\/ld+json\">\n{\n  \"@context\": \"https:\/\/schema.org\",\n  \"@type\": \"LocalBusiness\",\n  \"name\": \"SmirPlage\",\n  \"image\": \"https:\/\/www.plagesmir.com\/wp-content\/uploads\/logo-ammoyous.jpg\",\n  \"url\": \"https:\/\/www.plagesmir.com\",\n  \"telephone\": \"+212661313893\",\n  \"email\": \"ammoyous@gmail.com\",\n  \"address\": {\n    \"@type\": \"PostalAddress\",\n    \"addressLocality\": \"T\u00e9touan\",\n    \"addressRegion\": \"Tanger-T\u00e9touan-Al Hoce\u00efma\",\n    \"addressCountry\": \"MA\"\n  },\n  \"contactPoint\": {\n    \"@type\": \"ContactPoint\",\n    \"telephone\": \"+212661313893\",\n    \"contactType\": \"customer service\",\n    \"availableLanguage\": [\"fr\", \"ar\"]\n  },\n  \"sameAs\": [\n    \"https:\/\/www.facebook.com\/smirplage\",\n    \"https:\/\/www.instagram.com\/smirplage\"\n  ]\n}\n<\/script>\n","protected":false},"excerpt":{"rendered":"<p>ammoyous@gmail.com \u00c0 proximit\u00e9 Smir Plage \u2013 zone touristique en bord de mer, \u00e0 2 min des locations Smir Park \u2013 parc aquatique familial, \u00e0 5 min Centre-ville de Fnideq \u2013 commerces et services, \u00e0 10 min \u00c0 d\u00e9couvrir aussi Villa \u00e0 Marina Puerto Appartement \u00e0 Sania Plage Liens utiles Smir Plage sur Google Maps Horaires &hellip; <a href=\"https:\/\/www.plagesmir.com\/?page_id=491\" class=\"more-link\">Continue reading<span class=\"screen-reader-text\"> \u00ab\u00a0youssef\u00a0\u00bb<\/span><\/a><\/p>\n","protected":false},"author":1,"featured_media":33,"parent":0,"menu_order":0,"comment_status":"closed","ping_status":"closed","template":"","meta":{"advanced_seo_description":"","jetpack_seo_html_title":"","jetpack_seo_noindex":false,"footnotes":""},"class_list":["post-491","page","type-page","status-publish","has-post-thumbnail","hentry"],"jetpack_sharing_enabled":true,"jetpack_likes_enabled":true,"_links":{"self":[{"href":"https:\/\/www.plagesmir.com\/index.php?rest_route=\/wp\/v2\/pages\/491","targetHints":{"allow":["GET"]}}],"collection":[{"href":"https:\/\/www.plagesmir.com\/index.php?rest_route=\/wp\/v2\/pages"}],"about":[{"href":"https:\/\/www.plagesmir.com\/index.php?rest_route=\/wp\/v2\/types\/page"}],"author":[{"embeddable":true,"href":"https:\/\/www.plagesmir.com\/index.php?rest_route=\/wp\/v2\/users\/1"}],"replies":[{"embeddable":true,"href":"https:\/\/www.plagesmir.com\/index.php?rest_route=%2Fwp%2Fv2%2Fcomments&post=491"}],"version-history":[{"count":2,"href":"https:\/\/www.plagesmir.com\/index.php?rest_route=\/wp\/v2\/pages\/491\/revisions"}],"predecessor-version":[{"id":1726,"href":"https:\/\/www.plagesmir.com\/index.php?rest_route=\/wp\/v2\/pages\/491\/revisions\/1726"}],"wp:featuredmedia":[{"embeddable":true,"href":"https:\/\/www.plagesmir.com\/index.php?rest_route=\/wp\/v2\/media\/33"}],"wp:attachment":[{"href":"https:\/\/www.plagesmir.com\/index.php?rest_route=%2Fwp%2Fv2%2Fmedia&parent=491"}],"curies":[{"name":"wp","href":"https:\/\/api.w.org\/{rel}","templated":true}]}}