{"id":457,"date":"2018-03-22T18:07:46","date_gmt":"2018-03-22T18:07:46","guid":{"rendered":"https:\/\/marocva.net\/?page_id=457"},"modified":"2025-11-10T19:40:04","modified_gmt":"2025-11-10T19:40:04","slug":"appartement-complexe-marina-smir","status":"publish","type":"page","link":"https:\/\/www.plagesmir.com\/?page_id=457","title":{"rendered":"Marina Smir"},"content":{"rendered":"<p><!-- Contenu optimis\u00e9 --><\/p>\n<h1>Appartement \u00e0 Marina Smir \u2013 3 chambres, terrasse vue mer<\/h1>\n<p>Situ\u00e9 dans le <strong>complexe Marina Smir<\/strong>, cet appartement de <strong>112 m\u00b2<\/strong> vous offre un cadre id\u00e9al pour des <strong>vacances en bord de mer<\/strong>. Il comprend <strong>3 chambres<\/strong> dont une pour enfants (jusqu\u2019\u00e0 3), <strong>2 salles de bain<\/strong>, un grand salon double (style marocain et europ\u00e9en), une cuisine enti\u00e8rement \u00e9quip\u00e9e, et une chambre avec douche\/toilette pour le personnel.<\/p>\n<p>La <strong>terrasse spacieuse avec vue sur mer<\/strong> vous permet de profiter pleinement du climat de Smir Plage. La r\u00e9sidence est s\u00e9curis\u00e9e, dispose d\u2019une <strong>piscine collective<\/strong>, et se trouve \u00e0 proximit\u00e9 imm\u00e9diate de <strong>Smir Park<\/strong>, de la <strong>station Efriquia<\/strong> et du port de <strong>Marina Smir<\/strong>.<\/p>\n<p><!-- Bloc Proximit\u00e9 + Liens --><\/p>\n<div class=\"infos-locales\">\n<h3>\u00c0 proximit\u00e9<\/h3>\n<ul>\n<li>Smir Park \u2013 parc aquatique avec toboggans et man\u00e8ges, \u00e0 3 min<\/li>\n<li>Station Efriquia \u2013 aire de jeux et restauration rapide, \u00e0 2 min<\/li>\n<li>Port de Marina\u00a0 \u2013 restaurants et bo\u00eetes de nuit, \u00e0 5 min<\/li>\n<\/ul>\n<h3>\u00c0 d\u00e9couvrir aussi<\/h3>\n<ul>\n<li style=\"list-style-type: none;\">\n<ul>\n<li><a href=\"https:\/\/www.plagesmir.com\/sania-plage\/\" target=\"_blank\" rel=\"noopener\">Appartement \u00e0 Sania Plage<\/a><\/li>\n<li><a href=\"https:\/\/www.plagesmir.com\/chalet-complexe-restinga-smir\/\" target=\"_blank\" rel=\"noopener\">Chalet \u00e0 Restinga<\/a><\/li>\n<\/ul>\n<\/li>\n<\/ul>\n<h3>Liens utiles<\/h3>\n<ul>\n<li><a href=\"https:\/\/www.google.com\/maps\/place\/Marina+Smir\" target=\"_blank\" rel=\"noopener\">Marina\u00a0 sur Google Maps<\/a><\/li>\n<li><a href=\"https:\/\/www.marjane.ma\" target=\"_blank\" rel=\"noopener\">Courses \u00e0 Marjane T\u00e9touan<\/a><\/li>\n<\/ul>\n<\/div>\n<p><!-- Bloc Proximit\u00e9 + Liens --><\/p>\n<div class=\"infos-locales\">\u00a0<\/div>\n<pre><a href=\"https:\/\/marocvagallerie.yolasite.com\/\" target=\"_blank\" rel=\"noopener\">PHOTOS<\/a><\/pre>\n<h6>\u00a0<\/h6>\n<p style=\"text-align: left;\"><div class=\"mphb_sc_search-wrapper \">\n<form method=\"GET\" class=\"mphb_sc_search-form\" action=\"https:\/\/www.plagesmir.com\/?page_id=720\" data-first_available_check_in_date=\"2026-04-28\">\n\n\t<input type=\"hidden\" name=\"page_id\" value=\"720\" \/><p class = \"mphb-required-fields-tip\">\n\t<small>\n\t\tLes champs obligatoires sont suivis de\t\t<abbr title=\"required\">*<\/abbr>\n\t<\/small>\n<\/p>\n\n\t<p class=\"mphb_sc_search-check-in-date\">\n\t\t<label for=\"mphb_check_in_date-mphb-search-form-69f0dc6494daa\">\n\t\t\tArriv\u00e9e\t\t\t<abbr title=\"Format\u00e9 comme dd\/mm\/yyyy\">*<\/abbr>\n\t\t<\/label>\n\t\t<br \/>\n\t\t<input\n\t\t\tid=\"mphb_check_in_date-mphb-search-form-69f0dc6494daa\"\n\t\t\tdata-datepick-group=\"mphb-search-form-69f0dc6494daa\"\n\t\t\tvalue=\"\"\n\t\t\tplaceholder=\"Date d&#039;arriv\u00e9e\"\n\t\t\trequired=\"required\"\n\t\t\ttype=\"text\"\n\t\t\tinputmode=\"none\"\n\t\t\tname=\"mphb_check_in_date\"\n\t\t\tclass=\"mphb-datepick\"\n\t\t\tautocomplete=\"off\"\n\t\t\t\/>\n\t<\/p>\n\n\t<p class=\"mphb_sc_search-check-out-date\">\n\t\t<label for=\"mphb_check_out_date-mphb-search-form-69f0dc6494daa\">\n\t\t\tD\u00e9part\t\t\t<abbr title=\"Format\u00e9 comme dd\/mm\/yyyy\">*<\/abbr>\n\t\t<\/label>\n\t\t<br \/>\n\t\t<input\n\t\t\tid=\"mphb_check_out_date-mphb-search-form-69f0dc6494daa\"\n\t\t\tdata-datepick-group=\"mphb-search-form-69f0dc6494daa\"\n\t\t\tvalue=\"\"\n\t\t\tplaceholder=\"Date de d\u00e9part\"\n\t\t\trequired=\"required\"\n\t\t\ttype=\"text\"\n\t\t\tinputmode=\"none\"\n\t\t\tname=\"mphb_check_out_date\"\n\t\t\tclass=\"mphb-datepick\"\n\t\t\tautocomplete=\"off\"\n\t\t\t\/>\n\t<\/p>\n\n\t\t\t<input type=\"hidden\" id=\"mphb_adults-mphb-search-form-69f0dc6494daa\" name=\"mphb_adults\" value=\"1\" \/>\n\t\n\t\t\t<input type=\"hidden\" id=\"mphb_children-mphb-search-form-69f0dc6494daa\" name=\"mphb_children\" value=\"0\" \/>\n\t\n\t\n\t\n\t<input id=\"mphb_check_in_date-mphb-search-form-69f0dc6494daa-hidden\" value=\"\" type=\"hidden\" name=\"mphb_check_in_date\" \/><input id=\"mphb_check_out_date-mphb-search-form-69f0dc6494daa-hidden\" value=\"\" type=\"hidden\" name=\"mphb_check_out_date\" \/>\n\t<p class=\"mphb_sc_search-submit-button-wrapper\">\n\t\t<input type=\"submit\" class=\"button\" value=\"Chercher\"\/>\n\t<\/p>\n\n\t\n<\/form>\n<\/div><\/p>\n<p><a href=\"https:\/\/marocvagallerie.yolasite.com\/\" target=\"_blank\" rel=\"noopener\">Gallery<\/a><\/p>\n<p><a href=\"https:\/\/www.mavacance.com\/Appartement-port-marina.php\" target=\"_blank\" rel=\"noopener\">\u00a0<\/a><\/p>\n<div class=\"infos-locales\">\u00a0<\/div>\n\n\n<script type=\"application\/ld+json\">\n{\n  \"@context\": \"https:\/\/schema.org\",\n  \"@type\": \"LodgingBusiness\",\n  \"name\": \"Appartement Complexe Marina Smir\",\n  \"description\": \"Appartement de 112 m\u00b2 avec salon marocain et europ\u00e9en, 3 chambres, 2 salles de bain, terrasse vue mer, cuisine \u00e9quip\u00e9e, situ\u00e9 \u00e0 Marina Smir pr\u00e8s du parc aquatique.\",\n  \"address\": {\n    \"@type\": \"PostalAddress\",\n    \"addressLocality\": \"Marina Smir\",\n    \"addressRegion\": \"T\u00e9touan\",\n    \"addressCountry\": \"MA\"\n  },\n  \"amenityFeature\": [\n    { \"@type\": \"LocationFeatureSpecification\", \"name\": \"Terrasse vue mer\", \"value\": true },\n    { \"@type\": \"LocationFeatureSpecification\", \"name\": \"Cuisine \u00e9quip\u00e9e\", \"value\": true },\n    { \"@type\": \"LocationFeatureSpecification\", \"name\": \"Proximit\u00e9 plage\", \"value\": true },\n    { \"@type\": \"LocationFeatureSpecification\", \"name\": \"Acc\u00e8s au parc aquatique\", \"value\": true }\n  ],\n  \"url\": \"https:\/\/www.plagesmir.com\/appartement-complexe-marina-smir\/\",\n  \"image\": \"https:\/\/www.plagesmir.com\/images\/appartement-marina-smir.jpg\"\n}\n<\/script>\n","protected":false},"excerpt":{"rendered":"<p>L&rsquo;appartement \u00e0 Marina Smir mesure 112 m\u00b2 et comprend 3 chambres, 2 salles de bain, un grand salon et une cuisine \u00e9quip\u00e9e. Il dispose d&rsquo;une terrasse avec vue sur mer et se trouve dans une r\u00e9sidence s\u00e9curis\u00e9e avec piscine, proche de Smir Park et du port. Id\u00e9al pour des vacances en bord de mer.<\/p>\n","protected":false},"author":1,"featured_media":1692,"parent":0,"menu_order":0,"comment_status":"closed","ping_status":"closed","template":"","meta":{"advanced_seo_description":"Appartement \u00e0 louer \u00e0 Marina Smir \u2013 3 chambres, 2 salles de bain, salon double marocain\/europ\u00e9en, terrasse vue mer. 112 m\u00b2 tout \u00e9quip\u00e9, id\u00e9al pour familles. \u00c0 deux pas de la plage et des attractions de Smir","jetpack_seo_html_title":"Appartement \u00e0 louer \u00e0 Marina Smir ","jetpack_seo_noindex":false,"footnotes":""},"class_list":["post-457","page","type-page","status-publish","has-post-thumbnail","hentry"],"jetpack_sharing_enabled":true,"jetpack_likes_enabled":true,"_links":{"self":[{"href":"https:\/\/www.plagesmir.com\/index.php?rest_route=\/wp\/v2\/pages\/457","targetHints":{"allow":["GET"]}}],"collection":[{"href":"https:\/\/www.plagesmir.com\/index.php?rest_route=\/wp\/v2\/pages"}],"about":[{"href":"https:\/\/www.plagesmir.com\/index.php?rest_route=\/wp\/v2\/types\/page"}],"author":[{"embeddable":true,"href":"https:\/\/www.plagesmir.com\/index.php?rest_route=\/wp\/v2\/users\/1"}],"replies":[{"embeddable":true,"href":"https:\/\/www.plagesmir.com\/index.php?rest_route=%2Fwp%2Fv2%2Fcomments&post=457"}],"version-history":[{"count":1,"href":"https:\/\/www.plagesmir.com\/index.php?rest_route=\/wp\/v2\/pages\/457\/revisions"}],"predecessor-version":[{"id":1718,"href":"https:\/\/www.plagesmir.com\/index.php?rest_route=\/wp\/v2\/pages\/457\/revisions\/1718"}],"wp:featuredmedia":[{"embeddable":true,"href":"https:\/\/www.plagesmir.com\/index.php?rest_route=\/wp\/v2\/media\/1692"}],"wp:attachment":[{"href":"https:\/\/www.plagesmir.com\/index.php?rest_route=%2Fwp%2Fv2%2Fmedia&parent=457"}],"curies":[{"name":"wp","href":"https:\/\/api.w.org\/{rel}","templated":true}]}}