{"id":418,"date":"2018-03-22T15:40:31","date_gmt":"2018-03-22T15:40:31","guid":{"rendered":"https:\/\/marocva.net\/?page_id=418"},"modified":"2025-11-10T19:39:26","modified_gmt":"2025-11-10T19:39:26","slug":"location-villas-marina-smir-puerto","status":"publish","type":"page","link":"https:\/\/www.plagesmir.com\/?page_id=418","title":{"rendered":"Marina Puerto"},"content":{"rendered":"<p><!-- Titre SEO --><\/p>\n<p><!-- Meta Description --><\/p>\n<p><!-- Contenu optimis\u00e9 --><\/p>\n<h1>Villa \u00e0 louer \u00e0 Marina Puerto \u2013 Spacieuse, \u00e9quip\u00e9e, proche plage<\/h1>\n<p>Cette <strong>villa haut standing<\/strong> situ\u00e9e \u00e0 <strong>Marina Puerto<\/strong> vous offre un cadre exceptionnel pour vos vacances \u00e0 <strong>Smir Plage<\/strong>. Elle comprend <strong>5 chambres<\/strong>, <strong>4 salons<\/strong>, 4 salles de bain, <strong>3 terrasses<\/strong>, une cuisine \u00e9quip\u00e9e, un jardin priv\u00e9 et un <strong>garage pouvant accueillir jusqu\u2019\u00e0 5 v\u00e9hicules<\/strong>. Id\u00e9ale pour les familles nombreuses ou les groupes, elle allie confort, espace et proximit\u00e9 des attractions locales.<\/p>\n<p>La plage est surveill\u00e9e par des sauveteurs, et vous \u00eates \u00e0 quelques minutes du <strong>Smir Park<\/strong>, de la <strong>station Efriquia<\/strong> et du port de <strong>Marina Smir<\/strong> avec ses restaurants et animations nocturnes. La villa est enti\u00e8rement \u00e9quip\u00e9e pour un s\u00e9jour sans souci : linge de maison, cuisine moderne, espaces ext\u00e9rieurs, et s\u00e9curit\u00e9 assur\u00e9e.<\/p>\n<p><!-- Bloc Proximit\u00e9 + Liens --><\/p>\n<div class=\"infos-locales\">\n<h3>\u00c0 proximit\u00e9<\/h3>\n<ul>\n<li>Smir Park \u2013 parc aquatique avec toboggans et man\u00e8ges, \u00e0 2 min \u00e0 pied<\/li>\n<li>Station Efriquia \u2013 espace restauration et jeux pour enfants, \u00e0 3 min<\/li>\n<li>Port de Marina Smir \u2013 restaurants et bo\u00eetes de nuit, \u00e0 5 min<\/li>\n<\/ul>\n<h3>\u00c0 d\u00e9couvrir aussi<\/h3>\n<ul>\n<li><a href=\"https:\/\/www.plagesmir.com\/sania-plage\/\" target=\"_blank\" rel=\"noopener\">Appartement \u00e0 Sania Plage<\/a><\/li>\n<li><a href=\"https:\/\/www.plagesmir.com\/chalet-complexe-restinga-smir\/\" target=\"_blank\" rel=\"noopener\">Chalet \u00e0 Restinga<\/a><\/li>\n<\/ul>\n<h3>Liens utiles<\/h3>\n<ul>\n<li><a href=\"https:\/\/www.google.com\/maps\/place\/Marina+Smir\" target=\"_blank\" rel=\"noopener\">Marina Smir sur Google Maps<\/a><\/li>\n<li><a href=\"https:\/\/www.marjane.ma\" target=\"_blank\" rel=\"noopener\">Courses \u00e0 Marjane T\u00e9touan<\/a><\/li>\n<\/ul>\n<\/div>\n<p><!-- Contenu optimis\u00e9 --><\/p>\n<div class=\"infos-locales\">\u00a0<\/div>\n<pre><a href=\"https:\/\/marocvagallerie.yolasite.com\/\" target=\"_blank\" rel=\"noopener\">PHOTOS<\/a><\/pre>\n<h6>\u00a0<\/h6>\n<p style=\"text-align: left;\"><div class=\"mphb_sc_search-wrapper \">\n<form method=\"GET\" class=\"mphb_sc_search-form\" action=\"https:\/\/www.plagesmir.com\/?page_id=720\" data-first_available_check_in_date=\"2026-04-28\">\n\n\t<input type=\"hidden\" name=\"page_id\" value=\"720\" \/><p class = \"mphb-required-fields-tip\">\n\t<small>\n\t\tLes champs obligatoires sont suivis de\t\t<abbr title=\"required\">*<\/abbr>\n\t<\/small>\n<\/p>\n\n\t<p class=\"mphb_sc_search-check-in-date\">\n\t\t<label for=\"mphb_check_in_date-mphb-search-form-69f0f1066178b\">\n\t\t\tArriv\u00e9e\t\t\t<abbr title=\"Format\u00e9 comme dd\/mm\/yyyy\">*<\/abbr>\n\t\t<\/label>\n\t\t<br \/>\n\t\t<input\n\t\t\tid=\"mphb_check_in_date-mphb-search-form-69f0f1066178b\"\n\t\t\tdata-datepick-group=\"mphb-search-form-69f0f1066178b\"\n\t\t\tvalue=\"\"\n\t\t\tplaceholder=\"Date d&#039;arriv\u00e9e\"\n\t\t\trequired=\"required\"\n\t\t\ttype=\"text\"\n\t\t\tinputmode=\"none\"\n\t\t\tname=\"mphb_check_in_date\"\n\t\t\tclass=\"mphb-datepick\"\n\t\t\tautocomplete=\"off\"\n\t\t\t\/>\n\t<\/p>\n\n\t<p class=\"mphb_sc_search-check-out-date\">\n\t\t<label for=\"mphb_check_out_date-mphb-search-form-69f0f1066178b\">\n\t\t\tD\u00e9part\t\t\t<abbr title=\"Format\u00e9 comme dd\/mm\/yyyy\">*<\/abbr>\n\t\t<\/label>\n\t\t<br \/>\n\t\t<input\n\t\t\tid=\"mphb_check_out_date-mphb-search-form-69f0f1066178b\"\n\t\t\tdata-datepick-group=\"mphb-search-form-69f0f1066178b\"\n\t\t\tvalue=\"\"\n\t\t\tplaceholder=\"Date de d\u00e9part\"\n\t\t\trequired=\"required\"\n\t\t\ttype=\"text\"\n\t\t\tinputmode=\"none\"\n\t\t\tname=\"mphb_check_out_date\"\n\t\t\tclass=\"mphb-datepick\"\n\t\t\tautocomplete=\"off\"\n\t\t\t\/>\n\t<\/p>\n\n\t\t\t<input type=\"hidden\" id=\"mphb_adults-mphb-search-form-69f0f1066178b\" name=\"mphb_adults\" value=\"1\" \/>\n\t\n\t\t\t<input type=\"hidden\" id=\"mphb_children-mphb-search-form-69f0f1066178b\" name=\"mphb_children\" value=\"0\" \/>\n\t\n\t\n\t\n\t<input id=\"mphb_check_in_date-mphb-search-form-69f0f1066178b-hidden\" value=\"\" type=\"hidden\" name=\"mphb_check_in_date\" \/><input id=\"mphb_check_out_date-mphb-search-form-69f0f1066178b-hidden\" value=\"\" type=\"hidden\" name=\"mphb_check_out_date\" \/>\n\t<p class=\"mphb_sc_search-submit-button-wrapper\">\n\t\t<input type=\"submit\" class=\"button\" value=\"Chercher\"\/>\n\t<\/p>\n\n\t\n<\/form>\n<\/div><\/p>\n<p><a href=\"https:\/\/marocvagallerie.yolasite.com\/\" target=\"_blank\" rel=\"noopener\">Gallery<\/a><\/p>\n<p>Ce logement est \u00e9galement disponible sur <a href=\"https:\/\/www.airbnb.fr\/rooms\/896819175282300556?viralityEntryPoint=1&amp;s=76\" target=\"_blank\" rel=\"noopener\">Airbnb<\/a>, mais vous pouvez r\u00e9server directement ici sans frais de service<\/p>\n\n\n<script type=\"application\/ld+json\">\n{\n  \"@context\": \"https:\/\/schema.org\",\n  \"@type\": \"LodgingBusiness\",\n  \"name\": \"Villa Marina Puerto\",\n  \"description\": \"Villa haut standing \u00e0 Marina Puerto, 5 chambres, 4 salons, cuisine \u00e9quip\u00e9e, proche de Smir Park.\",\n  \"address\": {\n    \"@type\": \"PostalAddress\",\n    \"addressLocality\": \"Marina Smir\",\n    \"addressRegion\": \"T\u00e9touan\",\n    \"addressCountry\": \"MA\"\n  },\n  \"amenityFeature\": [\n    { \"@type\": \"LocationFeatureSpecification\", \"name\": \"Garage 5 voitures\", \"value\": true },\n    { \"@type\": \"LocationFeatureSpecification\", \"name\": \"Vue sur mer\", \"value\": true }\n  ],\n  \"url\": \"https:\/\/www.plagesmir.com\/location-villas-marina-smir-puerto\/\"\n}\n<\/script>\n","protected":false},"excerpt":{"rendered":"<p>Villa \u00e0 louer \u00e0 Marina Puerto \u2013 Spacieuse, \u00e9quip\u00e9e, proche plage Cette villa haut standing situ\u00e9e \u00e0 Marina Puerto vous offre un cadre exceptionnel pour vos vacances \u00e0 Smir Plage. Elle comprend 5 chambres, 4 salons, 4 salles de bain, 3 terrasses, une cuisine \u00e9quip\u00e9e, un jardin priv\u00e9 et un garage pouvant accueillir jusqu\u2019\u00e0 5 &hellip; <a href=\"https:\/\/www.plagesmir.com\/?page_id=418\" class=\"more-link\">Continue reading<span class=\"screen-reader-text\"> \u00ab\u00a0Marina Puerto\u00a0\u00bb<\/span><\/a><\/p>\n","protected":false},"author":1,"featured_media":26,"parent":0,"menu_order":0,"comment_status":"closed","ping_status":"closed","template":"","meta":{"advanced_seo_description":"Villa \u00e0 louer \u00e0 Marina Puerto \u2013 5 chambres, 4 salons, jardin priv\u00e9, garage 5 voitures. \u00c0 2 min de Smir Park et 5 min du port Marina Smir. Proche plage surveill\u00e9e, id\u00e9ale pour familles nombreuses ou groupes. Confort haut standing, cuisine \u00e9quip\u00e9e, s\u00e9curit\u00e9 assur\u00e9e.","jetpack_seo_html_title":"Villa Haut Standing \u00e0 Marina Smir \u2013 R\u00e9servez Maintenant","jetpack_seo_noindex":false,"footnotes":""},"class_list":["post-418","page","type-page","status-publish","has-post-thumbnail","hentry"],"jetpack_sharing_enabled":true,"jetpack_likes_enabled":true,"_links":{"self":[{"href":"https:\/\/www.plagesmir.com\/index.php?rest_route=\/wp\/v2\/pages\/418","targetHints":{"allow":["GET"]}}],"collection":[{"href":"https:\/\/www.plagesmir.com\/index.php?rest_route=\/wp\/v2\/pages"}],"about":[{"href":"https:\/\/www.plagesmir.com\/index.php?rest_route=\/wp\/v2\/types\/page"}],"author":[{"embeddable":true,"href":"https:\/\/www.plagesmir.com\/index.php?rest_route=\/wp\/v2\/users\/1"}],"replies":[{"embeddable":true,"href":"https:\/\/www.plagesmir.com\/index.php?rest_route=%2Fwp%2Fv2%2Fcomments&post=418"}],"version-history":[{"count":1,"href":"https:\/\/www.plagesmir.com\/index.php?rest_route=\/wp\/v2\/pages\/418\/revisions"}],"predecessor-version":[{"id":1717,"href":"https:\/\/www.plagesmir.com\/index.php?rest_route=\/wp\/v2\/pages\/418\/revisions\/1717"}],"wp:featuredmedia":[{"embeddable":true,"href":"https:\/\/www.plagesmir.com\/index.php?rest_route=\/wp\/v2\/media\/26"}],"wp:attachment":[{"href":"https:\/\/www.plagesmir.com\/index.php?rest_route=%2Fwp%2Fv2%2Fmedia&parent=418"}],"curies":[{"name":"wp","href":"https:\/\/api.w.org\/{rel}","templated":true}]}}